{"id":2235,"date":"2016-02-17T10:47:33","date_gmt":"2016-02-17T09:47:33","guid":{"rendered":"https:\/\/wallburg.intewo.mobi\/?page_id=2235"},"modified":"2016-05-25T08:28:02","modified_gmt":"2016-05-25T06:28:02","slug":"hugelgraber-der-bronzezeit","status":"publish","type":"page","link":"https:\/\/wallburg.intewo.mobi\/?page_id=2235","title":{"rendered":"H\u00fcgelgr\u00e4ber der Bronzezeit"},"content":{"rendered":"<p>Am Anfang war die Schatzsuche<\/p>\n<p>Auf der Suche nach den Sitten und Gebr\u00e4uchen ihrer Ahnen besch\u00e4ftigten sich im 19. Jahrhundert historisch Gelehrte und interessierte Laien mit vorgeschichtlichen \u201eAltert\u00fcmern&#8220;. Grabh\u00fcgel waren bei der Suche nach arch\u00e4ologischen Funden zu allen Zeiten besonders auff\u00e4llig. Nicht nur ihre Gr\u00f6\u00dfe, sondern auch ihre herausragende Lage an alten Wegen oder auf Bergkuppen machten sie leicht erkennbar. Im Inneren der Grabh\u00fcgel waren wertvolle Funde wie Ger\u00e4tschaften aus Bronze zu vermuten, die den Toten als Grabbeigaben f\u00fcr ihre letzte Reise ins Jenseits mitgegeben worden waren.<\/p>\n<p>Um an die begehrten Funde zu gelangen, grub man einfach von oben eine Grube ins Zentrum des H\u00fcgels. Dieses Vorgehen nennt man heute geringsch\u00e4tzig \u201eeinen Grabh\u00fcgel trichtern\u201d, da es sich hierbei weniger um eine Ausgrabung als um eine \u201eSchatzsuche&#8220; handelte. Bei zwei Gr\u00e4bern auf dem T\u00f6nsberg erinnert eine Vertiefung in der H\u00fcgelmitte an diese Suche.<\/p>\n<p>Das dritte Grab wurde 1925 erforscht. Seitdem wissen wir, dass diese Gr\u00e4ber aus der Bronzezeit stammen und etwa 4000 Jahre alt sind. Unter einem Steinh\u00fcgel bestattete man in einem ausgeh\u00f6hlten Baumstamm eine h\u00f6hergestellte Pers\u00f6nlichkeit. Heute erinnern nur noch flache Erhebungen an die einstmals weithin sichtbaren Grabanlagen. Ob mit diesen Grabh\u00fcgeln Herrschaftsbereiche markiert wurden oder das \u00f6ffentliche Totengedenken andere Gr\u00fcnde hatte, wissen wir auch heute noch nicht.<\/p>\n<p>Der Metallrahmen zeigt die ungef\u00e4hre Ausdehnung zur Zeit der Erbauung.<br \/>\n<\/p>","protected":false},"excerpt":{"rendered":"<p>Am Anfang war die Schatzsuche Auf der Suche nach den Sitten und Gebr\u00e4uchen ihrer Ahnen besch\u00e4ftigten sich im 19. Jahrhundert historisch Gelehrte und interessierte Laien mit vorgeschichtlichen \u201eAltert\u00fcmern&#8220;. Grabh\u00fcgel waren bei der Suche nach arch\u00e4ologischen Funden zu allen Zeiten besonders auff\u00e4llig. Nicht nur ihre Gr\u00f6\u00dfe, sondern auch ihre herausragende Lage an alten Wegen oder auf <a href=\"https:\/\/wallburg.intewo.mobi\/?page_id=2235\" class=\"more-link\">\u2026\u00a0<span class=\"screen-reader-text\">  H\u00fcgelgr\u00e4ber der Bronzezeit<\/span><\/a><\/p>\n","protected":false},"author":1,"featured_media":2452,"parent":0,"menu_order":0,"comment_status":"closed","ping_status":"closed","template":"","meta":{"ngg_post_thumbnail":0,"footnotes":""},"class_list":["post-2235","page","type-page","status-publish","has-post-thumbnail","hentry"],"_links":{"self":[{"href":"https:\/\/wallburg.intewo.mobi\/index.php?rest_route=\/wp\/v2\/pages\/2235","targetHints":{"allow":["GET"]}}],"collection":[{"href":"https:\/\/wallburg.intewo.mobi\/index.php?rest_route=\/wp\/v2\/pages"}],"about":[{"href":"https:\/\/wallburg.intewo.mobi\/index.php?rest_route=\/wp\/v2\/types\/page"}],"author":[{"embeddable":true,"href":"https:\/\/wallburg.intewo.mobi\/index.php?rest_route=\/wp\/v2\/users\/1"}],"replies":[{"embeddable":true,"href":"https:\/\/wallburg.intewo.mobi\/index.php?rest_route=%2Fwp%2Fv2%2Fcomments&post=2235"}],"version-history":[{"count":1,"href":"https:\/\/wallburg.intewo.mobi\/index.php?rest_route=\/wp\/v2\/pages\/2235\/revisions"}],"predecessor-version":[{"id":2236,"href":"https:\/\/wallburg.intewo.mobi\/index.php?rest_route=\/wp\/v2\/pages\/2235\/revisions\/2236"}],"wp:featuredmedia":[{"embeddable":true,"href":"https:\/\/wallburg.intewo.mobi\/index.php?rest_route=\/wp\/v2\/media\/2452"}],"wp:attachment":[{"href":"https:\/\/wallburg.intewo.mobi\/index.php?rest_route=%2Fwp%2Fv2%2Fmedia&parent=2235"}],"curies":[{"name":"wp","href":"https:\/\/api.w.org\/{rel}","templated":true}]}}