{"id":2239,"date":"2016-03-18T08:22:52","date_gmt":"2016-03-18T07:22:52","guid":{"rendered":"https:\/\/wallburg.intewo.mobi\/?page_id=2239"},"modified":"2018-10-05T12:05:49","modified_gmt":"2018-10-05T10:05:49","slug":"nordwestliches-haupttor","status":"publish","type":"page","link":"https:\/\/wallburg.intewo.mobi\/?page_id=2239","title":{"rendered":"Nordwestliches Haupttor"},"content":{"rendered":"<p>Vertrauen ist gut \u2013 Kontrolle ist besser<\/p>\n<p>Toranlagen waren bei einem feindlichen Angriff die Schwachstellen einer Burg. Hier auf dem T\u00f6nsberg sind dem Nordwest-Tor zwei W\u00e4lle vorgelagert. Damit sollte den Gegnern der Schwung genommen werden, schon bevor sie bis an das Tor gelangten. In der letzten Ausbauphase der Befestigungsanlage im fr\u00fchen Mittelalter (800 n.Chr.) wurde auch das Tor selber in einer besonderen Form erneuert, als \u201eDoppelkammertor\u201d. Das kann man sich wie eine Schleuse mit zwei getrennten, hintereinander liegenden lnnenr\u00e4umen vorstellen.<\/p>\n<p>Um \u00fcberhaupt ein solches, doch recht gewaltiges Bauwerk wie die T\u00f6nsberg-Befestigung zu errichten, bedurfte es einer ordnenden Hand. Die Arbeiten mussten organisiert, riesige Materialmengen herbeigeschafft und auch alle am Bau beteiligten Personen eingeteilt werden. Einer der Ausgr\u00e4ber, Friedrich Hohenschwert, hat berechnet, dass allein f\u00fcr den ersten Wall auf der S\u00fcdseite 600 B\u00e4ume f\u00fcr Pfosten gef\u00e4llt werden mussten. Dazu kamen 10.000 laufende Meter gespaltenes Langholz und Unmengen von \u00c4sten und Reisig f\u00fcr die Brustwehr. ln sp\u00e4teren Bauphasen wurden einige tausend Tonnen Erde, Steine und Schutt transportiert, um die Befestigungen zu verst\u00e4rken. Dazu kommt dann noch Baumaterial f\u00fcr die Geb\u00e4ude innerhalb der Anlage oder auch die Tore.<\/p>\n<p>So eine Aufgabe konnte nicht von einer einzelnen kleinen Gruppe geleistet werden. Vielmehr sind solche Anlagen ein Zeichen f\u00fcr eine zentrale Macht, die ihre St\u00e4rke auch deutlich nach Au\u00dfen zeigen wollte. Und das nicht nur einem Feind, sondern auch den Nachbarn und den eigenen Leuten gegen\u00fcber.<\/p>\n","protected":false},"excerpt":{"rendered":"<p>Vertrauen ist gut \u2013 Kontrolle ist besser Toranlagen waren bei einem feindlichen Angriff die Schwachstellen einer Burg. Hier auf dem T\u00f6nsberg sind dem Nordwest-Tor zwei W\u00e4lle vorgelagert. Damit sollte den Gegnern der Schwung genommen werden, schon bevor sie bis an das Tor gelangten. In der letzten Ausbauphase der Befestigungsanlage im fr\u00fchen Mittelalter (800 n.Chr.) wurde <a href=\"https:\/\/wallburg.intewo.mobi\/?page_id=2239\" class=\"more-link\">\u2026\u00a0<span class=\"screen-reader-text\">  Nordwestliches Haupttor<\/span><\/a><\/p>\n","protected":false},"author":1,"featured_media":2465,"parent":0,"menu_order":0,"comment_status":"closed","ping_status":"closed","template":"","meta":{"ngg_post_thumbnail":0,"footnotes":""},"class_list":["post-2239","page","type-page","status-publish","has-post-thumbnail","hentry"],"_links":{"self":[{"href":"https:\/\/wallburg.intewo.mobi\/index.php?rest_route=\/wp\/v2\/pages\/2239","targetHints":{"allow":["GET"]}}],"collection":[{"href":"https:\/\/wallburg.intewo.mobi\/index.php?rest_route=\/wp\/v2\/pages"}],"about":[{"href":"https:\/\/wallburg.intewo.mobi\/index.php?rest_route=\/wp\/v2\/types\/page"}],"author":[{"embeddable":true,"href":"https:\/\/wallburg.intewo.mobi\/index.php?rest_route=\/wp\/v2\/users\/1"}],"replies":[{"embeddable":true,"href":"https:\/\/wallburg.intewo.mobi\/index.php?rest_route=%2Fwp%2Fv2%2Fcomments&post=2239"}],"version-history":[{"count":4,"href":"https:\/\/wallburg.intewo.mobi\/index.php?rest_route=\/wp\/v2\/pages\/2239\/revisions"}],"predecessor-version":[{"id":2613,"href":"https:\/\/wallburg.intewo.mobi\/index.php?rest_route=\/wp\/v2\/pages\/2239\/revisions\/2613"}],"wp:featuredmedia":[{"embeddable":true,"href":"https:\/\/wallburg.intewo.mobi\/index.php?rest_route=\/wp\/v2\/media\/2465"}],"wp:attachment":[{"href":"https:\/\/wallburg.intewo.mobi\/index.php?rest_route=%2Fwp%2Fv2%2Fmedia&parent=2239"}],"curies":[{"name":"wp","href":"https:\/\/api.w.org\/{rel}","templated":true}]}}