{"id":2241,"date":"2016-03-18T08:27:00","date_gmt":"2016-03-18T07:27:00","guid":{"rendered":"https:\/\/wallburg.intewo.mobi\/?page_id=2241"},"modified":"2018-10-05T12:15:25","modified_gmt":"2018-10-05T10:15:25","slug":"fruhmittelalterlicher-hallenbau","status":"publish","type":"page","link":"https:\/\/wallburg.intewo.mobi\/?page_id=2241","title":{"rendered":"Fr\u00fchmittelalterlicher Hallenbau"},"content":{"rendered":"<p>Ich wei\u00df nicht, was soll es bedeuten<\/p>\n<p>Schon bei ersten arch\u00e4ologischen Ausgrabungen am Ende des 19. Jahrhunderts wurde ein m\u00e4chtiges Steinfundament von ca. 21 m L\u00e4nge und 8 m Breite entdeckt. Die 80 cm dicken Grundmauern bestanden aus verm\u00f6rtelten Bruchsteinen und deuten auf ein Geb\u00e4ude mit zwei R\u00e4umen hin. \u00dcber dessen Funktion l\u00e4sst sich heute leider nicht viel aussagen, au\u00dfer dass es ein besonderes Bauwerk gewesen sein musste. Zur damaligen Zeit wurden nur wenige Geb\u00e4ude, z.B. Kapellen, aus Stein gebaut.<br \/>\nLeider wurde das Fundament in einer Zeit ausgegraben, als die arch\u00e4ologischen Methoden noch nicht so weit entwickelt waren wie heute. Jetzt w\u00fcrde man viel genauer arbeiten und auch auf kleinste Spuren achten. Es w\u00fcrden Bodenproben genommen und Verf\u00e4rbungen untersucht werden. Aus der Lage und r\u00e4umlichen Verteilung von Funden lie\u00dfen sich R\u00fcckschl\u00fcsse auf die Funktion des Geb\u00e4udes und der beiden R\u00e4ume ziehen.<\/p>\n<p>Neben den Funden, oder Bruchst\u00fccken davon, sind heute die Fundzusammenh\u00e4nge von enormer Bedeutung. So hat ein St\u00fcck Gold mitunter weniger historische Aussagekraft als einige Flecken und wenige Scherben, die aber sorgf\u00e4ltig gezeichnet, eingemessen und ausgegraben wurden. Arch\u00e4ologen sprechen hier von sogenannten Befunden, die sich heute mithilfe digitaler Aufnahme- und Speichermedien sehr genau dokumentieren lassen.<\/p>\n","protected":false},"excerpt":{"rendered":"<p>Ich wei\u00df nicht, was soll es bedeuten Schon bei ersten arch\u00e4ologischen Ausgrabungen am Ende des 19. Jahrhunderts wurde ein m\u00e4chtiges Steinfundament von ca. 21 m L\u00e4nge und 8 m Breite entdeckt. Die 80 cm dicken Grundmauern bestanden aus verm\u00f6rtelten Bruchsteinen und deuten auf ein Geb\u00e4ude mit zwei R\u00e4umen hin. \u00dcber dessen Funktion l\u00e4sst sich heute <a href=\"https:\/\/wallburg.intewo.mobi\/?page_id=2241\" class=\"more-link\">\u2026\u00a0<span class=\"screen-reader-text\">  Fr\u00fchmittelalterlicher Hallenbau<\/span><\/a><\/p>\n","protected":false},"author":1,"featured_media":2493,"parent":0,"menu_order":0,"comment_status":"closed","ping_status":"closed","template":"","meta":{"ngg_post_thumbnail":0,"footnotes":""},"class_list":["post-2241","page","type-page","status-publish","has-post-thumbnail","hentry"],"_links":{"self":[{"href":"https:\/\/wallburg.intewo.mobi\/index.php?rest_route=\/wp\/v2\/pages\/2241","targetHints":{"allow":["GET"]}}],"collection":[{"href":"https:\/\/wallburg.intewo.mobi\/index.php?rest_route=\/wp\/v2\/pages"}],"about":[{"href":"https:\/\/wallburg.intewo.mobi\/index.php?rest_route=\/wp\/v2\/types\/page"}],"author":[{"embeddable":true,"href":"https:\/\/wallburg.intewo.mobi\/index.php?rest_route=\/wp\/v2\/users\/1"}],"replies":[{"embeddable":true,"href":"https:\/\/wallburg.intewo.mobi\/index.php?rest_route=%2Fwp%2Fv2%2Fcomments&post=2241"}],"version-history":[{"count":4,"href":"https:\/\/wallburg.intewo.mobi\/index.php?rest_route=\/wp\/v2\/pages\/2241\/revisions"}],"predecessor-version":[{"id":2615,"href":"https:\/\/wallburg.intewo.mobi\/index.php?rest_route=\/wp\/v2\/pages\/2241\/revisions\/2615"}],"wp:featuredmedia":[{"embeddable":true,"href":"https:\/\/wallburg.intewo.mobi\/index.php?rest_route=\/wp\/v2\/media\/2493"}],"wp:attachment":[{"href":"https:\/\/wallburg.intewo.mobi\/index.php?rest_route=%2Fwp%2Fv2%2Fmedia&parent=2241"}],"curies":[{"name":"wp","href":"https:\/\/api.w.org\/{rel}","templated":true}]}}