{"id":2243,"date":"2016-03-18T08:28:27","date_gmt":"2016-03-18T07:28:27","guid":{"rendered":"https:\/\/wallburg.intewo.mobi\/?page_id=2243"},"modified":"2016-05-25T09:42:09","modified_gmt":"2016-05-25T07:42:09","slug":"fruhmittelalterliche-wall-graben-anlage","status":"publish","type":"page","link":"https:\/\/wallburg.intewo.mobi\/?page_id=2243","title":{"rendered":"Fr\u00fchmittelalterliche Wall-Graben-Anlage"},"content":{"rendered":"<p>Wer andern eine Grube gr\u00e4bt<\/p>\n<p>Die deutlichen Vertiefungen rechts und links des Weges sind Reste tiefer Gr\u00e4ben. Sie waren Teil einer zweiten Verteidigungslinie aus Graben und Wall im inneren der Burganlage, die im fr\u00fchen Mittelalter angelegt wurde. Hierzu grub man einen ca. 4,5m tiefen und bis zu 11m breiten Graben in den Fels. Er sollte verhindern, dass Angreifer den dahinter liegenden Wall mit Schwung erst\u00fcrmen konnten. H\u00e4tten sie das versucht, w\u00e4ren sie unweigerlich in den Graben gest\u00fcrzt. Sie mussten vor dem Graben abstoppen und waren so ein gutes Angriffsziel f\u00fcr die Verteidiger.<\/p>\n<p>Der heute unauff\u00e4llige Wall war urspr\u00fcnglich etwa 9m breit und ca. 3 m hoch. Mit einer h\u00f6lzernen Brustwehr sicherte er, zus\u00e4tzlich zum Hauptwall, das Zentrum der Burg. Um die Vorderseite des Walles vor Feuer zu sch\u00fctzten, belegte man sie mit einer Schicht Steine (Trockenmauer).<\/p>\n<p>Welche Ereignisse zum Aus- oder Umbau der Burg in Form dieser inneren Befestigung f\u00fchrten, wissen wir nicht. Aber es m\u00fcssen wichtige Gr\u00fcnde gewesen sein. Schlie\u00dflich wurden allein zur Anlage des Grabens etwa 6000 Kubikmeter Fels gebrochen. Wahrscheinlich wurde der lnnenraum des T\u00f6nsberges w\u00e4hrend der Sachsenkriege Karls des Gro\u00dfen um 770 n. Chr. verst\u00e4rkt. Doch schon nach ca. 100 Jahren wurde die Burg aus bisher unbekannten Gr\u00fcnden wieder verlassen.<\/p>","protected":false},"excerpt":{"rendered":"<p>Wer andern eine Grube gr\u00e4bt Die deutlichen Vertiefungen rechts und links des Weges sind Reste tiefer Gr\u00e4ben. Sie waren Teil einer zweiten Verteidigungslinie aus Graben und Wall im inneren der Burganlage, die im fr\u00fchen Mittelalter angelegt wurde. Hierzu grub man einen ca. 4,5m tiefen und bis zu 11m breiten Graben in den Fels. Er sollte <a href=\"https:\/\/wallburg.intewo.mobi\/?page_id=2243\" class=\"more-link\">\u2026\u00a0<span class=\"screen-reader-text\">  Fr\u00fchmittelalterliche Wall-Graben-Anlage<\/span><\/a><\/p>\n","protected":false},"author":1,"featured_media":2540,"parent":0,"menu_order":0,"comment_status":"closed","ping_status":"closed","template":"","meta":{"ngg_post_thumbnail":0,"footnotes":""},"class_list":["post-2243","page","type-page","status-publish","has-post-thumbnail","hentry"],"_links":{"self":[{"href":"https:\/\/wallburg.intewo.mobi\/index.php?rest_route=\/wp\/v2\/pages\/2243","targetHints":{"allow":["GET"]}}],"collection":[{"href":"https:\/\/wallburg.intewo.mobi\/index.php?rest_route=\/wp\/v2\/pages"}],"about":[{"href":"https:\/\/wallburg.intewo.mobi\/index.php?rest_route=\/wp\/v2\/types\/page"}],"author":[{"embeddable":true,"href":"https:\/\/wallburg.intewo.mobi\/index.php?rest_route=\/wp\/v2\/users\/1"}],"replies":[{"embeddable":true,"href":"https:\/\/wallburg.intewo.mobi\/index.php?rest_route=%2Fwp%2Fv2%2Fcomments&post=2243"}],"version-history":[{"count":1,"href":"https:\/\/wallburg.intewo.mobi\/index.php?rest_route=\/wp\/v2\/pages\/2243\/revisions"}],"predecessor-version":[{"id":2244,"href":"https:\/\/wallburg.intewo.mobi\/index.php?rest_route=\/wp\/v2\/pages\/2243\/revisions\/2244"}],"wp:featuredmedia":[{"embeddable":true,"href":"https:\/\/wallburg.intewo.mobi\/index.php?rest_route=\/wp\/v2\/media\/2540"}],"wp:attachment":[{"href":"https:\/\/wallburg.intewo.mobi\/index.php?rest_route=%2Fwp%2Fv2%2Fmedia&parent=2243"}],"curies":[{"name":"wp","href":"https:\/\/api.w.org\/{rel}","templated":true}]}}