{"id":2245,"date":"2016-03-18T08:30:40","date_gmt":"2016-03-18T07:30:40","guid":{"rendered":"https:\/\/wallburg.intewo.mobi\/?page_id=2245"},"modified":"2018-10-05T12:07:26","modified_gmt":"2018-10-05T10:07:26","slug":"hunenkapelie","status":"publish","type":"page","link":"https:\/\/wallburg.intewo.mobi\/?page_id=2245","title":{"rendered":"H\u00fcnenkapelle"},"content":{"rendered":"<p>In der Ruhe liegt die Kraft<\/p>\n<p>Einer alten Legende nach soll die erste Kapelle auf dem T\u00f6nsberg einst von Karl dem Gro\u00dfen pers\u00f6nlich gestiftet worden sein. Die Mauerreste, die Sie vor sich sehen, stammen aus dem 15. Jahrhundert, sind also \u00fcber 600 Jahre j\u00fcnger. Diese Kapelle war dem Heiligen Antonius geweiht. Aus Antonius wurde im Lauf der Zeit \u201eT\u00f6ns&#8220; und so kam der T\u00f6nsberg zu seinem Namen.<\/p>\n<p>lhr jetziger Anblick t\u00e4uscht: die Ruine wurde zum Teil in den drei\u00dfiger Jahren neu aufgebaut und erg\u00e4nzt. Auf Abbildungen aus dem 19. Jahrhundert sind noch Geb\u00e4udereste im Westen und Osten der Kapelle zu erkennen, von denen heute nichts mehr erhalten ist. Auch \u00fcber Vorg\u00e4ngerbauten aus Holz k\u00f6nnen wir nur spekulieren.<\/p>\n<p>Mitunter wurden die ersten christlichen Zeichen, sei es nun ein schlichtes Kreuz oder eine Kirche, an die Orte der alten Kultpl\u00e4tze gesetzt. Allerdings: hier auf dem T\u00f6nsberg gibt es keinerlei Beweise f\u00fcr so ein \u00e4lteres Heiligtum. Die arch\u00e4ologischen Funde reichen nicht aus, um etwas \u00fcber religi\u00f6se Br\u00e4uche aussagen zu k\u00f6nnen, ob nun heidnisch oder christlich. Aus sp\u00e4teren Schriftquellen sind jedoch Wallfahrten hierher bis ins Jahr 1548 belegt.<\/p>\n","protected":false},"excerpt":{"rendered":"<p>In der Ruhe liegt die Kraft Einer alten Legende nach soll die erste Kapelle auf dem T\u00f6nsberg einst von Karl dem Gro\u00dfen pers\u00f6nlich gestiftet worden sein. Die Mauerreste, die Sie vor sich sehen, stammen aus dem 15. Jahrhundert, sind also \u00fcber 600 Jahre j\u00fcnger. Diese Kapelle war dem Heiligen Antonius geweiht. Aus Antonius wurde im <a href=\"https:\/\/wallburg.intewo.mobi\/?page_id=2245\" class=\"more-link\">\u2026\u00a0<span class=\"screen-reader-text\">  H\u00fcnenkapelle<\/span><\/a><\/p>\n","protected":false},"author":1,"featured_media":2551,"parent":0,"menu_order":0,"comment_status":"closed","ping_status":"closed","template":"","meta":{"ngg_post_thumbnail":0,"footnotes":""},"class_list":["post-2245","page","type-page","status-publish","has-post-thumbnail","hentry"],"_links":{"self":[{"href":"https:\/\/wallburg.intewo.mobi\/index.php?rest_route=\/wp\/v2\/pages\/2245","targetHints":{"allow":["GET"]}}],"collection":[{"href":"https:\/\/wallburg.intewo.mobi\/index.php?rest_route=\/wp\/v2\/pages"}],"about":[{"href":"https:\/\/wallburg.intewo.mobi\/index.php?rest_route=\/wp\/v2\/types\/page"}],"author":[{"embeddable":true,"href":"https:\/\/wallburg.intewo.mobi\/index.php?rest_route=\/wp\/v2\/users\/1"}],"replies":[{"embeddable":true,"href":"https:\/\/wallburg.intewo.mobi\/index.php?rest_route=%2Fwp%2Fv2%2Fcomments&post=2245"}],"version-history":[{"count":4,"href":"https:\/\/wallburg.intewo.mobi\/index.php?rest_route=\/wp\/v2\/pages\/2245\/revisions"}],"predecessor-version":[{"id":2614,"href":"https:\/\/wallburg.intewo.mobi\/index.php?rest_route=\/wp\/v2\/pages\/2245\/revisions\/2614"}],"wp:featuredmedia":[{"embeddable":true,"href":"https:\/\/wallburg.intewo.mobi\/index.php?rest_route=\/wp\/v2\/media\/2551"}],"wp:attachment":[{"href":"https:\/\/wallburg.intewo.mobi\/index.php?rest_route=%2Fwp%2Fv2%2Fmedia&parent=2245"}],"curies":[{"name":"wp","href":"https:\/\/api.w.org\/{rel}","templated":true}]}}