{"id":2247,"date":"2016-03-18T08:32:47","date_gmt":"2016-03-18T07:32:47","guid":{"rendered":"https:\/\/wallburg.intewo.mobi\/?page_id=2247"},"modified":"2016-05-25T10:07:32","modified_gmt":"2016-05-25T08:07:32","slug":"weg-durch-die-wistinghauser-schlucht","status":"publish","type":"page","link":"https:\/\/wallburg.intewo.mobi\/?page_id=2247","title":{"rendered":"Weg durch die Wistinghauser Schlucht"},"content":{"rendered":"<p>Durch diese hohle Gasse muss er kommen<\/p>\n<p>Warum wurde der T\u00f6nsberg \u00fcber 1000 Jahre hinweg mehrfach neu besiedelt und befestigt? Ein Grund war seine strategisch g\u00fcnstige Lage. Diese zeigt sich bei gutem Wetter von hier aus am besten. Die langgestreckten Bergr\u00fccken des s\u00fcdlichen Teutoburger Waldes trennten die Wegesysteme der n\u00f6rdlich und s\u00fcdlich gelegenen Ebenen. Eine wichtige Verbindung bildete der schmale Pass durch die Wistinghauser Schlucht.<\/p>\n<p>Das Alter dieses Weges ist nicht genau zu bestimmen, doch wurde er vermutlich schon seit der Bronzezeit benutzt. Hierauf weist eine Reihung von Grabh\u00fcgeln in der Senne, die den Verlauf des Weges nach S\u00fcden markiert. Ein anderes Beispiel derartiger Fernhandelswege ist der Hellweg (Salzstra\u00dfe) von Duisburg \u00fcber Paderborn nach Niedersachsen. Auf ihm wurden wahrscheinlich zu allen Zeiten Luxuswaren wie Salz transportiert.<\/p>\n<p>Da technische M\u00f6glichkeiten zum Bau von Br\u00fccken und Tunneln fehlten, konzentrierte sich der fr\u00fchgeschichtliche Verkehr auf wenige Wege \u00fcber Gebirgs\u00fcberg\u00e4nge und Furten. Die Kontrolle \u00fcber einen derartigen Pass bedeutete ebenso wirtschaftliche wie milit\u00e4rische Macht. Der jeweilige Burgherr konnte schlie\u00dflich leicht bestimmen, wen er den schmalen Durchlass entlang ziehen lie\u00df und wen nicht. Bis in das Mittelalter behielt die Wistinghauser Schlucht ihre strategische Bedeutung. Niedrige W\u00e4lle, sogenannte Landwehren, sperrten an dieser Stelle den Durchgang.<\/p>","protected":false},"excerpt":{"rendered":"<p>Durch diese hohle Gasse muss er kommen Warum wurde der T\u00f6nsberg \u00fcber 1000 Jahre hinweg mehrfach neu besiedelt und befestigt? Ein Grund war seine strategisch g\u00fcnstige Lage. Diese zeigt sich bei gutem Wetter von hier aus am besten. Die langgestreckten Bergr\u00fccken des s\u00fcdlichen Teutoburger Waldes trennten die Wegesysteme der n\u00f6rdlich und s\u00fcdlich gelegenen Ebenen. Eine <a href=\"https:\/\/wallburg.intewo.mobi\/?page_id=2247\" class=\"more-link\">\u2026\u00a0<span class=\"screen-reader-text\">  Weg durch die Wistinghauser Schlucht<\/span><\/a><\/p>\n","protected":false},"author":1,"featured_media":2566,"parent":0,"menu_order":0,"comment_status":"closed","ping_status":"closed","template":"","meta":{"ngg_post_thumbnail":0,"footnotes":""},"class_list":["post-2247","page","type-page","status-publish","has-post-thumbnail","hentry"],"_links":{"self":[{"href":"https:\/\/wallburg.intewo.mobi\/index.php?rest_route=\/wp\/v2\/pages\/2247","targetHints":{"allow":["GET"]}}],"collection":[{"href":"https:\/\/wallburg.intewo.mobi\/index.php?rest_route=\/wp\/v2\/pages"}],"about":[{"href":"https:\/\/wallburg.intewo.mobi\/index.php?rest_route=\/wp\/v2\/types\/page"}],"author":[{"embeddable":true,"href":"https:\/\/wallburg.intewo.mobi\/index.php?rest_route=\/wp\/v2\/users\/1"}],"replies":[{"embeddable":true,"href":"https:\/\/wallburg.intewo.mobi\/index.php?rest_route=%2Fwp%2Fv2%2Fcomments&post=2247"}],"version-history":[{"count":1,"href":"https:\/\/wallburg.intewo.mobi\/index.php?rest_route=\/wp\/v2\/pages\/2247\/revisions"}],"predecessor-version":[{"id":2248,"href":"https:\/\/wallburg.intewo.mobi\/index.php?rest_route=\/wp\/v2\/pages\/2247\/revisions\/2248"}],"wp:featuredmedia":[{"embeddable":true,"href":"https:\/\/wallburg.intewo.mobi\/index.php?rest_route=\/wp\/v2\/media\/2566"}],"wp:attachment":[{"href":"https:\/\/wallburg.intewo.mobi\/index.php?rest_route=%2Fwp%2Fv2%2Fmedia&parent=2247"}],"curies":[{"name":"wp","href":"https:\/\/api.w.org\/{rel}","templated":true}]}}