{"id":2249,"date":"2016-03-18T08:34:49","date_gmt":"2016-03-18T07:34:49","guid":{"rendered":"https:\/\/wallburg.intewo.mobi\/?page_id=2249"},"modified":"2016-05-30T15:35:56","modified_gmt":"2016-05-30T13:35:56","slug":"besiedelte-hangterrassen","status":"publish","type":"page","link":"https:\/\/wallburg.intewo.mobi\/?page_id=2249","title":{"rendered":"Besiedelte Hangterrassen"},"content":{"rendered":"<p>Von nichts kommt nichts<\/p>\n<p>Auf den ersten Blick sind sie leicht zu \u00fcbersehen. Doch waren die schmalen Hangterrassen einst f\u00fcr die Bewohner der eisenzeitlichen Siedlung auf dem T\u00f6nsberg von entscheidender Bedeutung. Sie schufen auf dem steilen S\u00fcdhang zus\u00e4tzliche Fl\u00e4chen f\u00fcr Geb\u00e4ude, Felder und \u00c4cker. Hierzu wurden sowohl innerhalb als auch au\u00dferhalb des Walles flache Gr\u00e4ben ausgehoben und der Boden hangabw\u00e4rts aufgesch\u00fcttet. So entstanden Terrassen von etwa 4 m Breite.<\/p>\n<p>Auf einigen Terrassen fand man Reste von Mahlsteinen, Keramikt\u00f6pfen und Herdstellen. Sie zeigen, dass die Menschen in der Eisenzeit nicht nur im Belagerungsfall Schutz in der Burg suchten, sondern f\u00fcr l\u00e4ngere Zeit auf dem Berg siedelten.<\/p>\n<p>lhre H\u00e4user sahen unterschiedlich aus. Die meisten waren rechteckig. Man grub kr\u00e4ftige Pfosten in den Boden ein, die das Dach trugen. Sie wurden mit Flechtw\u00e4nden verbunden, die man mit Lehm abdichtete. Die D\u00e4cher waren wahrscheinlich mit Stroh gedeckt. Da in die Erde eingegrabene Holzpfosten, \u00e4hnlich wie Zaunpf\u00e4hle, nach einigen Jahren verrotten, stellte man schon in der Eisenzeit H\u00e4user auf ein steinernes Fundament, wie etwa auf Burg Aue bei Bad Berleburg.<\/p>","protected":false},"excerpt":{"rendered":"<p>Von nichts kommt nichts Auf den ersten Blick sind sie leicht zu \u00fcbersehen. Doch waren die schmalen Hangterrassen einst f\u00fcr die Bewohner der eisenzeitlichen Siedlung auf dem T\u00f6nsberg von entscheidender Bedeutung. Sie schufen auf dem steilen S\u00fcdhang zus\u00e4tzliche Fl\u00e4chen f\u00fcr Geb\u00e4ude, Felder und \u00c4cker. Hierzu wurden sowohl innerhalb als auch au\u00dferhalb des Walles flache Gr\u00e4ben <a href=\"https:\/\/wallburg.intewo.mobi\/?page_id=2249\" class=\"more-link\">\u2026\u00a0<span class=\"screen-reader-text\">  Besiedelte Hangterrassen<\/span><\/a><\/p>\n","protected":false},"author":1,"featured_media":2577,"parent":0,"menu_order":0,"comment_status":"closed","ping_status":"closed","template":"","meta":{"ngg_post_thumbnail":0,"footnotes":""},"class_list":["post-2249","page","type-page","status-publish","has-post-thumbnail","hentry"],"_links":{"self":[{"href":"https:\/\/wallburg.intewo.mobi\/index.php?rest_route=\/wp\/v2\/pages\/2249","targetHints":{"allow":["GET"]}}],"collection":[{"href":"https:\/\/wallburg.intewo.mobi\/index.php?rest_route=\/wp\/v2\/pages"}],"about":[{"href":"https:\/\/wallburg.intewo.mobi\/index.php?rest_route=\/wp\/v2\/types\/page"}],"author":[{"embeddable":true,"href":"https:\/\/wallburg.intewo.mobi\/index.php?rest_route=\/wp\/v2\/users\/1"}],"replies":[{"embeddable":true,"href":"https:\/\/wallburg.intewo.mobi\/index.php?rest_route=%2Fwp%2Fv2%2Fcomments&post=2249"}],"version-history":[{"count":2,"href":"https:\/\/wallburg.intewo.mobi\/index.php?rest_route=\/wp\/v2\/pages\/2249\/revisions"}],"predecessor-version":[{"id":2439,"href":"https:\/\/wallburg.intewo.mobi\/index.php?rest_route=\/wp\/v2\/pages\/2249\/revisions\/2439"}],"wp:featuredmedia":[{"embeddable":true,"href":"https:\/\/wallburg.intewo.mobi\/index.php?rest_route=\/wp\/v2\/media\/2577"}],"wp:attachment":[{"href":"https:\/\/wallburg.intewo.mobi\/index.php?rest_route=%2Fwp%2Fv2%2Fmedia&parent=2249"}],"curies":[{"name":"wp","href":"https:\/\/api.w.org\/{rel}","templated":true}]}}