{"id":2251,"date":"2016-03-18T08:36:45","date_gmt":"2016-03-18T07:36:45","guid":{"rendered":"https:\/\/wallburg.intewo.mobi\/?page_id=2251"},"modified":"2016-05-30T15:36:29","modified_gmt":"2016-05-30T13:36:29","slug":"sudtor-und-sudwall","status":"publish","type":"page","link":"https:\/\/wallburg.intewo.mobi\/?page_id=2251","title":{"rendered":"S\u00fcdtor und S\u00fcdwall"},"content":{"rendered":"<p>Aus alt mach neu<\/p>\n<p>Auch die Bodendenkm\u00e4ler auf dem T\u00f6nsberg, wie etwa das ehemals an dieser Stelle gelegene S\u00fcdtor, hatten in den vergangenen Jahrzehnten unter der Erosion und intensiv betriebenen Forstwirtschaft zu leiden. Mit schweren Maschinen wurden Schneisen in die W\u00e4lle gebrochen, neue Wege angelegt. Immerhin bestand so f\u00fcr die Arch\u00e4ologen die M\u00f6glichkeit, das Innere eines solchen Walles und seine unterschiedlichen Baumaterialien zu studieren. Man sieht aber auch, wie wenig im Lauf der Jahrhunderte von einem solchen Bauwerk \u00fcbrig bleibt. Trotzdem gelang es den Arch\u00e4ologen, vier unterschiedliche Bauphasen nachzuweisen.<\/p>\n<p>Es beginnt in der Eisenzeit. Nachdem das Gebiet im vorhergehenden Jahrhundert erschlossen wurde, entstand um 270 v. Chr. die erste Verteidigungsanlage: eine einfache Holzwand aus Pfosten und Bohlen, gest\u00fctzt von einer Erdsch\u00fcttung. Sie wurde zerst\u00f6rt! Beim Neuaufbau wurde ein Wall aus Steinen und Erde aufgesch\u00fcttet, der mit einer Trockenmauer an der Vorderseite zus\u00e4tzlich gesichert war. So konnte nur die h\u00f6lzerne Brustwehr bei einem erneuten Angriff ein Raub der Flammen werden. Trotzdem wurde der Platz f\u00fcr lange Zeit aufgegeben.<\/p>\n<p>Erst im fr\u00fchen Mittelalter, im 8. Jahrhundert, wurde der T\u00f6nsberg wieder verst\u00e4rkt befestigt. Es war die Zeit der Kriege zwischen Sachsen und Franken. Am eindrucksvollsten war die letzte Bauphase. Auf der Wallkrone wurde eine bis zu 1,60 Meter starke Mauer errichtet. W\u00e4hrend der Kern aus einer Mischung aus Steinen und M\u00f6rtel bestand, schichtete man an der lnnen- und Au\u00dfenseite flache Steine \u00fcbereinander, deren St\u00e4rke allein schon 60 bis 70 cm ergab.<\/p>","protected":false},"excerpt":{"rendered":"<p>Aus alt mach neu Auch die Bodendenkm\u00e4ler auf dem T\u00f6nsberg, wie etwa das ehemals an dieser Stelle gelegene S\u00fcdtor, hatten in den vergangenen Jahrzehnten unter der Erosion und intensiv betriebenen Forstwirtschaft zu leiden. Mit schweren Maschinen wurden Schneisen in die W\u00e4lle gebrochen, neue Wege angelegt. Immerhin bestand so f\u00fcr die Arch\u00e4ologen die M\u00f6glichkeit, das Innere <a href=\"https:\/\/wallburg.intewo.mobi\/?page_id=2251\" class=\"more-link\">\u2026\u00a0<span class=\"screen-reader-text\">  S\u00fcdtor und S\u00fcdwall<\/span><\/a><\/p>\n","protected":false},"author":1,"featured_media":2589,"parent":0,"menu_order":0,"comment_status":"closed","ping_status":"closed","template":"","meta":{"ngg_post_thumbnail":0,"footnotes":""},"class_list":["post-2251","page","type-page","status-publish","has-post-thumbnail","hentry"],"_links":{"self":[{"href":"https:\/\/wallburg.intewo.mobi\/index.php?rest_route=\/wp\/v2\/pages\/2251","targetHints":{"allow":["GET"]}}],"collection":[{"href":"https:\/\/wallburg.intewo.mobi\/index.php?rest_route=\/wp\/v2\/pages"}],"about":[{"href":"https:\/\/wallburg.intewo.mobi\/index.php?rest_route=\/wp\/v2\/types\/page"}],"author":[{"embeddable":true,"href":"https:\/\/wallburg.intewo.mobi\/index.php?rest_route=\/wp\/v2\/users\/1"}],"replies":[{"embeddable":true,"href":"https:\/\/wallburg.intewo.mobi\/index.php?rest_route=%2Fwp%2Fv2%2Fcomments&post=2251"}],"version-history":[{"count":1,"href":"https:\/\/wallburg.intewo.mobi\/index.php?rest_route=\/wp\/v2\/pages\/2251\/revisions"}],"predecessor-version":[{"id":2252,"href":"https:\/\/wallburg.intewo.mobi\/index.php?rest_route=\/wp\/v2\/pages\/2251\/revisions\/2252"}],"wp:featuredmedia":[{"embeddable":true,"href":"https:\/\/wallburg.intewo.mobi\/index.php?rest_route=\/wp\/v2\/media\/2589"}],"wp:attachment":[{"href":"https:\/\/wallburg.intewo.mobi\/index.php?rest_route=%2Fwp%2Fv2%2Fmedia&parent=2251"}],"curies":[{"name":"wp","href":"https:\/\/api.w.org\/{rel}","templated":true}]}}